{"id":859,"date":"2024-09-30T09:08:06","date_gmt":"2024-09-30T09:08:06","guid":{"rendered":"https:\/\/www.akaymimarlik.com\/our-services\/"},"modified":"2024-11-07T08:15:17","modified_gmt":"2024-11-07T08:15:17","slug":"our-services","status":"publish","type":"page","link":"https:\/\/www.akaymimarlik.com\/en\/our-services\/","title":{"rendered":"Our Services"},"content":{"rendered":"  <div id=\"page-header-1541937347\" class=\"page-header-wrapper\">\n  <div class=\"page-title dark featured-title\">\n\n        <div class=\"page-title-bg\">\n      <div class=\"title-bg fill bg-fill\"\n        data-parallax-container=\".page-title\"\n        data-parallax-background\n        data-parallax=\"-\">\n      <\/div>\n      <div class=\"title-overlay fill\"><\/div>\n    <\/div>\n    \n    <div class=\"page-title-inner container align-center text-center flex-row-col medium-flex-wrap\" >\n              <div class=\"title-wrapper flex-col\">\n          <h1 class=\"entry-title mb-0\">\n            Our Services          <\/h1>\n        <\/div>\n                    <div class=\"title-content flex-col\">\n        <div class=\"title-breadcrumbs pb-half pt-half\"><nav class=\"woocommerce-breadcrumb breadcrumbs uppercase\">Home<\/nav><\/div>      <\/div>\n    <\/div>\n\n     \n<style>\n#page-header-1541937347 .title-bg {\n  background-image: url(https:\/\/www.akaymimarlik.com\/wp-content\/uploads\/2024\/09\/Fuar-Standlari.jpeg);\n  background-position: 78% 55%;\n}\n#page-header-1541937347 .title-overlay {\n  background-color: rgba(24, 25, 27, 0.7);\n}\n<\/style>\n  <\/div>\n    <\/div>\n  \n\n\t<section class=\"section\" id=\"section_1603024580\">\n\t\t<div class=\"section-bg fill\" >\n\t\t\t\t\t\t\t\t\t\n\t\t\t\n\n\t\t<\/div>\n\n\t\t\n\n\t\t<div class=\"section-content relative\">\n\t\t\t\n<div class=\"row align-middle\"  id=\"row-48949707\">\n\n\t<div id=\"col-1747599450\" class=\"col medium-7 small-12 large-7\"  data-animate=\"fadeInLeft\">\n\t\t\t\t<div class=\"col-inner\" style=\"background-color:rgb(236, 236, 236);\" >\n\t\t\t\n\t\t\t\n\t<div class=\"img has-hover x md-x lg-x y md-y lg-y\" id=\"image_1779947533\">\n\t\t\t\t\t\t\t\t<div class=\"img-inner dark\" >\n\t\t\t<img loading=\"lazy\" decoding=\"async\" width=\"800\" height=\"800\" src=\"https:\/\/www.akaymimarlik.com\/wp-content\/uploads\/2024\/09\/Fuar-Stand-Tasarimlari.jpg\" class=\"attachment-original size-original\" alt=\"Fuar Stand Tasar\u0131mlar\u0131\" srcset=\"https:\/\/www.akaymimarlik.com\/wp-content\/uploads\/2024\/09\/Fuar-Stand-Tasarimlari.jpg 800w, https:\/\/www.akaymimarlik.com\/wp-content\/uploads\/2024\/09\/Fuar-Stand-Tasarimlari-300x300.jpg 300w, https:\/\/www.akaymimarlik.com\/wp-content\/uploads\/2024\/09\/Fuar-Stand-Tasarimlari-150x150.jpg 150w, https:\/\/www.akaymimarlik.com\/wp-content\/uploads\/2024\/09\/Fuar-Stand-Tasarimlari-768x768.jpg 768w, https:\/\/www.akaymimarlik.com\/wp-content\/uploads\/2024\/09\/Fuar-Stand-Tasarimlari-600x600.jpg 600w, https:\/\/www.akaymimarlik.com\/wp-content\/uploads\/2024\/09\/Fuar-Stand-Tasarimlari-100x100.jpg 100w\" sizes=\"auto, (max-width: 800px) 100vw, 800px\" title=\"\">\t\t\t\t\t\t\n\t\t\t\t\t<\/div>\n\t\t\t\t\t\t\t\t\n<style>\n#image_1779947533 {\n  width: 100%;\n}\n<\/style>\n\t<\/div>\n\t\n\t\t<\/div>\n\t\t\t\t\n<style>\n#col-1747599450 > .col-inner {\n  padding: 40px 40px 40px 40px;\n  border-radius: 20px;\n}\n<\/style>\n\t<\/div>\n\n\t\n\n\t<div id=\"col-35179263\" class=\"col medium-5 small-12 large-5\"  data-animate=\"fadeInRight\">\n\t\t\t\t<div class=\"col-inner\"  >\n\t\t\t\n\t<div class=\"is-border\"\n\t\tstyle=\"border-radius:20px;border-width:1px 1px 1px 1px;\">\n\t<\/div>\n\t\t\t\n<h3>Fair Stand Design: Innovative Solutions with Akay Architecture<\/h3>\n<p>Akay Architecture offers unique and innovative solutions in exhibition stand design with its worldwide partners and experienced team. Our stands, which are specially prepared for customer needs, aim to create an impressive experience while increasing the visibility of your brand. We are at your side with our professional approach and creative design approach to make a difference in fair events. Choose Akay Architecture to get the best results in fair stand design!   <\/p>\n<a href=\"https:\/\/www.akaymimarlik.com\/en\/about-us\/\" class=\"button primary\"  >\n\t\t<span>More information<\/span>\n\t<i class=\"icon-angle-right\" aria-hidden=\"true\" ><\/i><\/a>\n\n\t\t<\/div>\n\t\t\t\t\n<style>\n#col-35179263 > .col-inner {\n  padding: 40px 40px 40px 40px;\n}\n<\/style>\n\t<\/div>\n\n\t\n<\/div>\n<div class=\"row align-middle\"  id=\"row-1302776413\">\n\n\t<div id=\"col-1470729783\" class=\"col medium-5 small-12 large-5\"  data-animate=\"fadeInLeft\">\n\t\t\t\t<div class=\"col-inner\"  >\n\t\t\t\n\t<div class=\"is-border\"\n\t\tstyle=\"border-radius:20px;border-width:1px 1px 1px 1px;\">\n\t<\/div>\n\t\t\t\n<h3>Yacht Design: Achieve Elegance with Akay Architecture<\/h3>\n<p>Akay Architecture creates the most popular stands of the fairs with its yacht designs. Our unique and remarkable designs always adopt an innovative approach. We combine aesthetics and functionality to represent your brand in the best way. Make a difference with Akay Architecture in yacht design and attract the attention of your target audience!   <\/p>\n<a href=\"https:\/\/www.akaymimarlik.com\/en\/about-us\/\" class=\"button primary\"  >\n\t\t<span>More information<\/span>\n\t<i class=\"icon-angle-right\" aria-hidden=\"true\" ><\/i><\/a>\n\n\t\t<\/div>\n\t\t\t\t\n<style>\n#col-1470729783 > .col-inner {\n  padding: 40px 40px 40px 40px;\n}\n<\/style>\n\t<\/div>\n\n\t\n\n\t<div id=\"col-1713796957\" class=\"col medium-7 small-12 large-7\"  data-animate=\"fadeInRight\">\n\t\t\t\t<div class=\"col-inner\" style=\"background-color:rgb(236, 236, 236);\" >\n\t\t\t\n\t\t\t\n\t<div class=\"img has-hover x md-x lg-x y md-y lg-y\" id=\"image_1482528644\">\n\t\t\t\t\t\t\t\t<div class=\"img-inner dark\" >\n\t\t\t<img loading=\"lazy\" decoding=\"async\" width=\"800\" height=\"800\" src=\"https:\/\/www.akaymimarlik.com\/wp-content\/uploads\/2024\/11\/akay-mimarlik.jpg\" class=\"attachment-original size-original\" alt=\"Fuar Stand\u0131 ile Marka \u0130maj\u0131\" srcset=\"https:\/\/www.akaymimarlik.com\/wp-content\/uploads\/2024\/11\/akay-mimarlik.jpg 800w, https:\/\/www.akaymimarlik.com\/wp-content\/uploads\/2024\/11\/akay-mimarlik-300x300.jpg 300w, https:\/\/www.akaymimarlik.com\/wp-content\/uploads\/2024\/11\/akay-mimarlik-150x150.jpg 150w, https:\/\/www.akaymimarlik.com\/wp-content\/uploads\/2024\/11\/akay-mimarlik-768x768.jpg 768w, https:\/\/www.akaymimarlik.com\/wp-content\/uploads\/2024\/11\/akay-mimarlik-600x600.jpg 600w, https:\/\/www.akaymimarlik.com\/wp-content\/uploads\/2024\/11\/akay-mimarlik-100x100.jpg 100w\" sizes=\"auto, (max-width: 800px) 100vw, 800px\" title=\"\">\t\t\t\t\t\t\n\t\t\t\t\t<\/div>\n\t\t\t\t\t\t\t\t\n<style>\n#image_1482528644 {\n  width: 100%;\n}\n<\/style>\n\t<\/div>\n\t\n\t\t<\/div>\n\t\t\t\t\n<style>\n#col-1713796957 > .col-inner {\n  padding: 40px 40px 40px 40px;\n  border-radius: 20px;\n}\n<\/style>\n\t<\/div>\n\n\t\n<\/div>\n\t\t<\/div>\n\n\t\t\n<style>\n#section_1603024580 {\n  padding-top: 70px;\n  padding-bottom: 70px;\n}\n<\/style>\n\t<\/section>\n\t\n","protected":false},"excerpt":{"rendered":"","protected":false},"author":1,"featured_media":0,"parent":0,"menu_order":0,"comment_status":"closed","ping_status":"closed","template":"page-transparent-header-light.php","meta":{"_yoast_wpseo_title":"","_yoast_wpseo_metadesc":"","_yoast_wpseo_focuskw":"","_rank_math_title":"","_rank_math_description":"","_rank_math_focus_keyword":"","rank_math_title":"","rank_math_description":"","rank_math_focus_keyword":"","footnotes":""},"class_list":["post-859","page","type-page","status-publish","hentry"],"_links":{"self":[{"href":"https:\/\/www.akaymimarlik.com\/en\/wp-json\/wp\/v2\/pages\/859","targetHints":{"allow":["GET"]}}],"collection":[{"href":"https:\/\/www.akaymimarlik.com\/en\/wp-json\/wp\/v2\/pages"}],"about":[{"href":"https:\/\/www.akaymimarlik.com\/en\/wp-json\/wp\/v2\/types\/page"}],"author":[{"embeddable":true,"href":"https:\/\/www.akaymimarlik.com\/en\/wp-json\/wp\/v2\/users\/1"}],"replies":[{"embeddable":true,"href":"https:\/\/www.akaymimarlik.com\/en\/wp-json\/wp\/v2\/comments?post=859"}],"version-history":[{"count":5,"href":"https:\/\/www.akaymimarlik.com\/en\/wp-json\/wp\/v2\/pages\/859\/revisions"}],"predecessor-version":[{"id":1061,"href":"https:\/\/www.akaymimarlik.com\/en\/wp-json\/wp\/v2\/pages\/859\/revisions\/1061"}],"wp:attachment":[{"href":"https:\/\/www.akaymimarlik.com\/en\/wp-json\/wp\/v2\/media?parent=859"}],"curies":[{"name":"wp","href":"https:\/\/api.w.org\/{rel}","templated":true}]}}