{"id":861,"date":"2024-09-27T09:50:11","date_gmt":"2024-09-27T09:50:11","guid":{"rendered":"https:\/\/www.akaymimarlik.com\/blog\/"},"modified":"2026-04-07T14:46:10","modified_gmt":"2026-04-07T14:46:10","slug":"blog","status":"publish","type":"page","link":"https:\/\/www.akaymimarlik.com\/en\/blog\/","title":{"rendered":"Blog"},"content":{"rendered":"\r\n  <div id=\"page-header-1513957938\" class=\"page-header-wrapper\">\n  <div class=\"page-title dark featured-title\">\n\n        <div class=\"page-title-bg\">\n      <div class=\"title-bg fill bg-fill\"\n        data-parallax-container=\".page-title\"\n        data-parallax-background\n        data-parallax=\"-\">\n      <\/div>\n      <div class=\"title-overlay fill\"><\/div>\n    <\/div>\n    \n    <div class=\"page-title-inner container align-center text-center flex-row-col medium-flex-wrap\" >\n              <div class=\"title-wrapper flex-col\">\n          <h1 class=\"entry-title mb-0\">\n            Blog          <\/h1>\n        <\/div>\n                    <div class=\"title-content flex-col\">\n        <div class=\"title-breadcrumbs pb-half pt-half\"><nav class=\"woocommerce-breadcrumb breadcrumbs uppercase\">Home<\/nav><\/div>      <\/div>\n    <\/div>\n\n     \n<style>\n#page-header-1513957938 .title-bg {\n  background-image: url(https:\/\/www.akaymimarlik.com\/wp-content\/uploads\/2024\/09\/Fuar-Standlari.jpeg);\n  background-position: 78% 55%;\n}\n#page-header-1513957938 .title-overlay {\n  background-color: rgba(24, 25, 27, 0.7);\n}\n<\/style>\n  <\/div>\n    <\/div>\n   \n\t<section class=\"section\" id=\"section_931464939\">\n\t\t<div class=\"section-bg fill\" >\n\t\t\t\t\t\t\t\t\t\n\t\t\t\n\n\t\t<\/div>\n\n\t\t\n\n\t\t<div class=\"section-content relative\">\n\t\t\t <div class=\"row align-equal\"  id=\"row-1100313064\"> \n\t<div id=\"col-2144506089\" class=\"col medium-9 small-12 large-9\"  >\n\t\t\t\t<div class=\"col-inner\"  >\n\t\t\t\n\t\t\t \n  \n    <div class=\"row large-columns-2 medium-columns-1 small-columns-1 has-shadow row-box-shadow-1\" >\n  <div class=\"col post-item\" data-animate=\"fadeInDown\">\n\t\t\t<div class=\"col-inner\">\n\t\t\t\t<div class=\"box box-normal box-text-bottom box-blog-post has-hover\">\n            \t\t\t\t\t<div class=\"box-image\" >\n  \t\t\t\t\t\t<div class=\"image-cover\" style=\"padding-top:56.25%;\">\n\t\t\t\t\t\t\t<a href=\"https:\/\/www.akaymimarlik.com\/en\/uluslararasi-fuarlar-icin-fuar-standi-tasarimi\/\" class=\"plain\" aria-label=\"Uluslararas\u0131 Fuarlar \u0130\u00e7in Fuar Stand\u0131 Tasar\u0131m\u0131\">\n\t\t\t\t\t\t\t\t<img loading=\"lazy\" decoding=\"async\" width=\"300\" height=\"225\" src=\"https:\/\/www.akaymimarlik.com\/wp-content\/uploads\/2024\/10\/1-36-TRIZONE-300x225.jpg\" class=\"attachment-medium size-medium wp-post-image\" alt=\"Fuar Stand\u0131\" srcset=\"https:\/\/www.akaymimarlik.com\/wp-content\/uploads\/2024\/10\/1-36-TRIZONE-300x225.jpg 300w, https:\/\/www.akaymimarlik.com\/wp-content\/uploads\/2024\/10\/1-36-TRIZONE-1024x768.jpg 1024w, https:\/\/www.akaymimarlik.com\/wp-content\/uploads\/2024\/10\/1-36-TRIZONE-768x576.jpg 768w, https:\/\/www.akaymimarlik.com\/wp-content\/uploads\/2024\/10\/1-36-TRIZONE-1536x1152.jpg 1536w, https:\/\/www.akaymimarlik.com\/wp-content\/uploads\/2024\/10\/1-36-TRIZONE-600x450.jpg 600w, https:\/\/www.akaymimarlik.com\/wp-content\/uploads\/2024\/10\/1-36-TRIZONE.jpg 1600w\" sizes=\"auto, (max-width: 300px) 100vw, 300px\" title=\"\">\t\t\t\t\t\t\t<\/a>\n  \t\t\t\t\t\t\t  \t\t\t\t\t\t\t  \t\t\t\t\t\t<\/div>\n  \t\t\t\t\t\t  \t\t\t\t\t<\/div>\n          \t\t\t\t\t<div class=\"box-text text-center\" >\n\t\t\t\t\t<div class=\"box-text-inner blog-post-inner\">\n\n\t\t\t\t\t\n\t\t\t\t\t\t\t\t\t\t<h5 class=\"post-title is-large \">\n\t\t\t\t\t\t<a href=\"https:\/\/www.akaymimarlik.com\/en\/uluslararasi-fuarlar-icin-fuar-standi-tasarimi\/\" class=\"plain\">Uluslararas\u0131 Fuarlar \u0130\u00e7in Fuar Stand\u0131 Tasar\u0131m\u0131<\/a>\n\t\t\t\t\t<\/h5>\n\t\t\t\t\t\t\t\t\t\t<div class=\"is-divider\"><\/div>\n\t\t\t\t\t\t\t\t\t\t<p class=\"from_the_blog_excerpt \">\n\t\t\t\t\t\tUluslararas\u0131 Fuarlar \u0130\u00e7in Fuar Stand\u0131 Tasar\u0131m\u0131 Uluslararas\u0131 pazarlarda ba\u015far\u0131 elde etmek isteyen markalar i\u00e7in fuar [...]\t\t\t\t\t<\/p>\n\t\t\t\t\t                    \n\t\t\t\t\t\n\t\t\t\t\t\n\t\t\t\t\t<\/div>\n\t\t\t\t\t<\/div>\n\t\t\t\t\t\t\t\t\t\t\t\t\t\t\t\t<div class=\"badge absolute top post-date badge-outline\">\n\t\t\t\t\t\t\t<div class=\"badge-inner\">\n\t\t\t\t\t\t\t\t<span class=\"post-date-day\">21<\/span><br>\n\t\t\t\t\t\t\t\t<span class=\"post-date-month is-xsmall\">Apr<\/span>\n\t\t\t\t\t\t\t<\/div>\n\t\t\t\t\t\t<\/div>\n\t\t\t\t\t\t\t\t\t<\/div>\n\t\t\t<\/div>\n\t\t<\/div><div class=\"col post-item\" data-animate=\"fadeInDown\">\n\t\t\t<div class=\"col-inner\">\n\t\t\t\t<div class=\"box box-normal box-text-bottom box-blog-post has-hover\">\n            \t\t\t\t\t<div class=\"box-image\" >\n  \t\t\t\t\t\t<div class=\"image-cover\" style=\"padding-top:56.25%;\">\n\t\t\t\t\t\t\t<a href=\"https:\/\/www.akaymimarlik.com\/en\/international-carpet-and-flooring-expo\/\" class=\"plain\" aria-label=\"International Carpet and Flooring Expo\">\n\t\t\t\t\t\t\t\t<img loading=\"lazy\" decoding=\"async\" width=\"300\" height=\"134\" src=\"https:\/\/www.akaymimarlik.com\/wp-content\/uploads\/2025\/12\/images-2025-12-04T133746.560-300x134.jpg\" class=\"attachment-medium size-medium wp-post-image\" alt=\"Carpet and Flooring Expo\" srcset=\"https:\/\/www.akaymimarlik.com\/wp-content\/uploads\/2025\/12\/images-2025-12-04T133746.560-300x134.jpg 300w, https:\/\/www.akaymimarlik.com\/wp-content\/uploads\/2025\/12\/images-2025-12-04T133746.560.jpg 337w\" sizes=\"auto, (max-width: 300px) 100vw, 300px\" title=\"\">\t\t\t\t\t\t\t<\/a>\n  \t\t\t\t\t\t\t  \t\t\t\t\t\t\t  \t\t\t\t\t\t<\/div>\n  \t\t\t\t\t\t  \t\t\t\t\t<\/div>\n          \t\t\t\t\t<div class=\"box-text text-center\" >\n\t\t\t\t\t<div class=\"box-text-inner blog-post-inner\">\n\n\t\t\t\t\t\n\t\t\t\t\t\t\t\t\t\t<h5 class=\"post-title is-large \">\n\t\t\t\t\t\t<a href=\"https:\/\/www.akaymimarlik.com\/en\/international-carpet-and-flooring-expo\/\" class=\"plain\">International Carpet and Flooring Expo<\/a>\n\t\t\t\t\t<\/h5>\n\t\t\t\t\t\t\t\t\t\t<div class=\"is-divider\"><\/div>\n\t\t\t\t\t\t\t\t\t\t<p class=\"from_the_blog_excerpt \">\n\t\t\t\t\t\tInternational Carpet and Flooring Expo International Carpet and Flooring Expo, hal\u0131, kilim ve zemin kaplamalar\u0131 [...]\t\t\t\t\t<\/p>\n\t\t\t\t\t                    \n\t\t\t\t\t\n\t\t\t\t\t\n\t\t\t\t\t<\/div>\n\t\t\t\t\t<\/div>\n\t\t\t\t\t\t\t\t\t\t\t\t\t\t\t\t<div class=\"badge absolute top post-date badge-outline\">\n\t\t\t\t\t\t\t<div class=\"badge-inner\">\n\t\t\t\t\t\t\t\t<span class=\"post-date-day\">04<\/span><br>\n\t\t\t\t\t\t\t\t<span class=\"post-date-month is-xsmall\">Dec<\/span>\n\t\t\t\t\t\t\t<\/div>\n\t\t\t\t\t\t<\/div>\n\t\t\t\t\t\t\t\t\t<\/div>\n\t\t\t<\/div>\n\t\t<\/div><\/div> \t\t<\/div>\n\t\t\t\t\t<\/div>\n\n\t \n\t<div id=\"col-1280461066\" class=\"col medium-3 small-12 large-3\"  data-animate=\"fadeInRight\">\n\t\t\t\t<div class=\"col-inner\"  >\n\t\t\t\n\t\t\t <div class=\"searchform-wrapper ux-search-box relative is-normal\"><form role=\"search\" method=\"get\" class=\"searchform\" action=\"https:\/\/www.akaymimarlik.com\/en\/\">\n\t<div class=\"flex-row relative\">\n\t\t\t\t\t\t<div class=\"flex-col flex-grow\">\n\t\t\t<label class=\"screen-reader-text\" for=\"woocommerce-product-search-field-0\">Search for:<\/label>\n\t\t\t<input type=\"search\" id=\"woocommerce-product-search-field-0\" class=\"search-field mb-0\" placeholder=\"Search&hellip;\" value=\"\" name=\"s\" \/>\n\t\t\t<input type=\"hidden\" name=\"post_type\" value=\"product\" \/>\n\t\t\t\t\t\t\t<input type=\"hidden\" name=\"lang\" value=\"en\" \/>\n\t\t\t\t\t<\/div>\n\t\t<div class=\"flex-col\">\n\t\t\t<button type=\"submit\" value=\"Search\" class=\"ux-search-submit submit-button secondary button  icon mb-0\" aria-label=\"Submit\">\n\t\t\t\t<i class=\"icon-search\" ><\/i>\t\t\t<\/button>\n\t\t<\/div>\n\t<\/div>\n\t<div class=\"live-search-results text-left z-top\"><\/div>\n<\/form>\n<\/div> \t<div id=\"gap-1438973651\" class=\"gap-element clearfix\" style=\"display:block; height:auto;\">\n\t\t\n<style>\n#gap-1438973651 {\n  padding-top: 30px;\n}\n<\/style>\n\t<\/div>\n\t <div class=\"container section-title-container\" ><h4 class=\"section-title section-title-normal\"><b><\/b><span class=\"section-title-main\" >Last Posts<\/span><b><\/b><\/h4><\/div> \n  \n    <div class=\"row large-columns-1 medium-columns-1 small-columns-1\" >\n  <div class=\"col post-item\" >\n\t\t\t<div class=\"col-inner\">\n\t\t\t\t<div class=\"box box-vertical box-text-bottom box-blog-post has-hover\">\n            \t\t\t\t\t<div class=\"box-image\" >\n  \t\t\t\t\t\t<div class=\"image-cover\" style=\"padding-top:56.25%;\">\n\t\t\t\t\t\t\t<a href=\"https:\/\/www.akaymimarlik.com\/en\/uluslararasi-fuarlar-icin-fuar-standi-tasarimi\/\" class=\"plain\" aria-label=\"Uluslararas\u0131 Fuarlar \u0130\u00e7in Fuar Stand\u0131 Tasar\u0131m\u0131\">\n\t\t\t\t\t\t\t\t<img loading=\"lazy\" decoding=\"async\" width=\"300\" height=\"225\" src=\"https:\/\/www.akaymimarlik.com\/wp-content\/uploads\/2024\/10\/1-36-TRIZONE-300x225.jpg\" class=\"attachment-medium size-medium wp-post-image\" alt=\"Fuar Stand\u0131\" srcset=\"https:\/\/www.akaymimarlik.com\/wp-content\/uploads\/2024\/10\/1-36-TRIZONE-300x225.jpg 300w, https:\/\/www.akaymimarlik.com\/wp-content\/uploads\/2024\/10\/1-36-TRIZONE-1024x768.jpg 1024w, https:\/\/www.akaymimarlik.com\/wp-content\/uploads\/2024\/10\/1-36-TRIZONE-768x576.jpg 768w, https:\/\/www.akaymimarlik.com\/wp-content\/uploads\/2024\/10\/1-36-TRIZONE-1536x1152.jpg 1536w, https:\/\/www.akaymimarlik.com\/wp-content\/uploads\/2024\/10\/1-36-TRIZONE-600x450.jpg 600w, https:\/\/www.akaymimarlik.com\/wp-content\/uploads\/2024\/10\/1-36-TRIZONE.jpg 1600w\" sizes=\"auto, (max-width: 300px) 100vw, 300px\" title=\"\">\t\t\t\t\t\t\t<\/a>\n  \t\t\t\t\t\t\t  \t\t\t\t\t\t\t  \t\t\t\t\t\t<\/div>\n  \t\t\t\t\t\t  \t\t\t\t\t<\/div>\n          \t\t\t\t\t<div class=\"box-text text-left\" >\n\t\t\t\t\t<div class=\"box-text-inner blog-post-inner\">\n\n\t\t\t\t\t\n\t\t\t\t\t\t\t\t\t\t<h5 class=\"post-title is-large \">\n\t\t\t\t\t\t<a href=\"https:\/\/www.akaymimarlik.com\/en\/uluslararasi-fuarlar-icin-fuar-standi-tasarimi\/\" class=\"plain\">Uluslararas\u0131 Fuarlar \u0130\u00e7in Fuar Stand\u0131 Tasar\u0131m\u0131<\/a>\n\t\t\t\t\t<\/h5>\n\t\t\t\t\t\t\t\t\t\t<div class=\"is-divider\"><\/div>\n\t\t\t\t\t                    \n\t\t\t\t\t\n\t\t\t\t\t\n\t\t\t\t\t<\/div>\n\t\t\t\t\t<\/div>\n\t\t\t\t\t\t\t\t\t<\/div>\n\t\t\t<\/div>\n\t\t<\/div><div class=\"col post-item\" >\n\t\t\t<div class=\"col-inner\">\n\t\t\t\t<div class=\"box box-vertical box-text-bottom box-blog-post has-hover\">\n            \t\t\t\t\t<div class=\"box-image\" >\n  \t\t\t\t\t\t<div class=\"image-cover\" style=\"padding-top:56.25%;\">\n\t\t\t\t\t\t\t<a href=\"https:\/\/www.akaymimarlik.com\/en\/international-carpet-and-flooring-expo\/\" class=\"plain\" aria-label=\"International Carpet and Flooring Expo\">\n\t\t\t\t\t\t\t\t<img loading=\"lazy\" decoding=\"async\" width=\"300\" height=\"134\" src=\"https:\/\/www.akaymimarlik.com\/wp-content\/uploads\/2025\/12\/images-2025-12-04T133746.560-300x134.jpg\" class=\"attachment-medium size-medium wp-post-image\" alt=\"Carpet and Flooring Expo\" srcset=\"https:\/\/www.akaymimarlik.com\/wp-content\/uploads\/2025\/12\/images-2025-12-04T133746.560-300x134.jpg 300w, https:\/\/www.akaymimarlik.com\/wp-content\/uploads\/2025\/12\/images-2025-12-04T133746.560.jpg 337w\" sizes=\"auto, (max-width: 300px) 100vw, 300px\" title=\"\">\t\t\t\t\t\t\t<\/a>\n  \t\t\t\t\t\t\t  \t\t\t\t\t\t\t  \t\t\t\t\t\t<\/div>\n  \t\t\t\t\t\t  \t\t\t\t\t<\/div>\n          \t\t\t\t\t<div class=\"box-text text-left\" >\n\t\t\t\t\t<div class=\"box-text-inner blog-post-inner\">\n\n\t\t\t\t\t\n\t\t\t\t\t\t\t\t\t\t<h5 class=\"post-title is-large \">\n\t\t\t\t\t\t<a href=\"https:\/\/www.akaymimarlik.com\/en\/international-carpet-and-flooring-expo\/\" class=\"plain\">International Carpet and Flooring Expo<\/a>\n\t\t\t\t\t<\/h5>\n\t\t\t\t\t\t\t\t\t\t<div class=\"is-divider\"><\/div>\n\t\t\t\t\t                    \n\t\t\t\t\t\n\t\t\t\t\t\n\t\t\t\t\t<\/div>\n\t\t\t\t\t<\/div>\n\t\t\t\t\t\t\t\t\t<\/div>\n\t\t\t<\/div>\n\t\t<\/div><\/div> \t\t<\/div>\n\t\t\t\t\t<\/div>\n\n\t <\/div> \t\t<\/div>\n\n\t\t\n<style>\n#section_931464939 {\n  padding-top: 70px;\n  padding-bottom: 70px;\n}\n<\/style>\n\t<\/section>\n\t\r\n","protected":false},"excerpt":{"rendered":"","protected":false},"author":1,"featured_media":0,"parent":0,"menu_order":0,"comment_status":"closed","ping_status":"closed","template":"page-transparent-header-light.php","meta":{"_yoast_wpseo_title":"","_yoast_wpseo_metadesc":"","_yoast_wpseo_focuskw":"","_rank_math_title":"","_rank_math_description":"","_rank_math_focus_keyword":"","rank_math_title":"%title% %sep% Akay Mimarl\u0131k - Fair Stand","rank_math_description":"Stand out at exhibitions with custom exhibition stand design. Creative solutions to attract visitors and boost your brand visibility.","rank_math_focus_keyword":"","footnotes":""},"class_list":["post-861","page","type-page","status-publish","hentry"],"_links":{"self":[{"href":"https:\/\/www.akaymimarlik.com\/en\/wp-json\/wp\/v2\/pages\/861","targetHints":{"allow":["GET"]}}],"collection":[{"href":"https:\/\/www.akaymimarlik.com\/en\/wp-json\/wp\/v2\/pages"}],"about":[{"href":"https:\/\/www.akaymimarlik.com\/en\/wp-json\/wp\/v2\/types\/page"}],"author":[{"embeddable":true,"href":"https:\/\/www.akaymimarlik.com\/en\/wp-json\/wp\/v2\/users\/1"}],"replies":[{"embeddable":true,"href":"https:\/\/www.akaymimarlik.com\/en\/wp-json\/wp\/v2\/comments?post=861"}],"version-history":[{"count":2,"href":"https:\/\/www.akaymimarlik.com\/en\/wp-json\/wp\/v2\/pages\/861\/revisions"}],"predecessor-version":[{"id":1169,"href":"https:\/\/www.akaymimarlik.com\/en\/wp-json\/wp\/v2\/pages\/861\/revisions\/1169"}],"wp:attachment":[{"href":"https:\/\/www.akaymimarlik.com\/en\/wp-json\/wp\/v2\/media?parent=861"}],"curies":[{"name":"wp","href":"https:\/\/api.w.org\/{rel}","templated":true}]}}