{"id":1013,"date":"2024-10-04T09:45:11","date_gmt":"2024-10-04T09:45:11","guid":{"rendered":"https:\/\/www.akaymimarlik.com\/urun\/caroline\/"},"modified":"2026-01-06T14:01:43","modified_gmt":"2026-01-06T14:01:43","slug":"caroline","status":"publish","type":"product","link":"https:\/\/www.akaymimarlik.com\/en\/stand\/caroline\/","title":{"rendered":"CAROLINE"},"content":{"rendered":"","protected":false},"excerpt":{"rendered":"<p>Company: CAROLINE<\/p>\n<p>Fair: L\u0130NEXPO 2024<\/p>\n<p>Location: \u0130FM<\/p>\n","protected":false},"featured_media":762,"template":"","meta":{"_yoast_wpseo_title":"","_yoast_wpseo_metadesc":"","_yoast_wpseo_focuskw":"","_rank_math_title":"","_rank_math_description":"","_rank_math_focus_keyword":"","rank_math_title":"%title% %sep% Akay Mimarl\u0131k Fair Stand","rank_math_description":"Modern \u00e7izgilere sahip fuar stand\u0131 tasar\u0131mlar\u0131yla etkinlik alanlar\u0131nda g\u00fc\u00e7l\u00fc bir duru\u015f sergileyin.","rank_math_focus_keyword":""},"product_brand":[],"product_cat":[47],"product_tag":[],"class_list":{"0":"post-1013","1":"product","2":"type-product","3":"status-publish","4":"has-post-thumbnail","6":"product_cat-domestic-fair-stands","8":"first","9":"instock","10":"shipping-taxable","11":"product-type-simple"},"_links":{"self":[{"href":"https:\/\/www.akaymimarlik.com\/en\/wp-json\/wp\/v2\/product\/1013","targetHints":{"allow":["GET"]}}],"collection":[{"href":"https:\/\/www.akaymimarlik.com\/en\/wp-json\/wp\/v2\/product"}],"about":[{"href":"https:\/\/www.akaymimarlik.com\/en\/wp-json\/wp\/v2\/types\/product"}],"wp:featuredmedia":[{"embeddable":true,"href":"https:\/\/www.akaymimarlik.com\/en\/wp-json\/wp\/v2\/media\/762"}],"wp:attachment":[{"href":"https:\/\/www.akaymimarlik.com\/en\/wp-json\/wp\/v2\/media?parent=1013"}],"wp:term":[{"taxonomy":"product_brand","embeddable":true,"href":"https:\/\/www.akaymimarlik.com\/en\/wp-json\/wp\/v2\/product_brand?post=1013"},{"taxonomy":"product_cat","embeddable":true,"href":"https:\/\/www.akaymimarlik.com\/en\/wp-json\/wp\/v2\/product_cat?post=1013"},{"taxonomy":"product_tag","embeddable":true,"href":"https:\/\/www.akaymimarlik.com\/en\/wp-json\/wp\/v2\/product_tag?post=1013"}],"curies":[{"name":"wp","href":"https:\/\/api.w.org\/{rel}","templated":true}]}}