{"id":1035,"date":"2024-10-03T12:38:42","date_gmt":"2024-10-03T12:38:42","guid":{"rendered":"https:\/\/www.akaymimarlik.com\/urun\/kivanc-enerji-2\/"},"modified":"2024-10-21T10:00:27","modified_gmt":"2024-10-21T10:00:27","slug":"kivanc-enerji-2","status":"publish","type":"product","link":"https:\/\/www.akaymimarlik.com\/en\/stand\/kivanc-enerji-2\/","title":{"rendered":"KIVAN\u00c7 ENERJ\u0130"},"content":{"rendered":"","protected":false},"excerpt":{"rendered":"<p>Company: KIVAN\u00c7 ENERJ\u0130<\/p>\n<p>Fair: SOLAREX \u0130STANBUL 2023<\/p>\n<p>Location: \u0130FM<\/p>\n","protected":false},"featured_media":743,"template":"","meta":{"_yoast_wpseo_title":"","_yoast_wpseo_metadesc":"","_yoast_wpseo_focuskw":"","_rank_math_title":"","_rank_math_description":"","_rank_math_focus_keyword":"","rank_math_title":"","rank_math_description":"","rank_math_focus_keyword":""},"product_brand":[],"product_cat":[47],"product_tag":[],"class_list":{"0":"post-1035","1":"product","2":"type-product","3":"status-publish","4":"has-post-thumbnail","6":"product_cat-domestic-fair-stands","8":"first","9":"instock","10":"shipping-taxable","11":"product-type-simple"},"_links":{"self":[{"href":"https:\/\/www.akaymimarlik.com\/en\/wp-json\/wp\/v2\/product\/1035","targetHints":{"allow":["GET"]}}],"collection":[{"href":"https:\/\/www.akaymimarlik.com\/en\/wp-json\/wp\/v2\/product"}],"about":[{"href":"https:\/\/www.akaymimarlik.com\/en\/wp-json\/wp\/v2\/types\/product"}],"wp:featuredmedia":[{"embeddable":true,"href":"https:\/\/www.akaymimarlik.com\/en\/wp-json\/wp\/v2\/media\/743"}],"wp:attachment":[{"href":"https:\/\/www.akaymimarlik.com\/en\/wp-json\/wp\/v2\/media?parent=1035"}],"wp:term":[{"taxonomy":"product_brand","embeddable":true,"href":"https:\/\/www.akaymimarlik.com\/en\/wp-json\/wp\/v2\/product_brand?post=1035"},{"taxonomy":"product_cat","embeddable":true,"href":"https:\/\/www.akaymimarlik.com\/en\/wp-json\/wp\/v2\/product_cat?post=1035"},{"taxonomy":"product_tag","embeddable":true,"href":"https:\/\/www.akaymimarlik.com\/en\/wp-json\/wp\/v2\/product_tag?post=1035"}],"curies":[{"name":"wp","href":"https:\/\/api.w.org\/{rel}","templated":true}]}}