{"id":910,"date":"2024-10-08T11:17:11","date_gmt":"2024-10-08T11:17:11","guid":{"rendered":"https:\/\/www.akaymimarlik.com\/urun\/epocale\/"},"modified":"2026-01-06T13:59:37","modified_gmt":"2026-01-06T13:59:37","slug":"epocale","status":"publish","type":"product","link":"https:\/\/www.akaymimarlik.com\/en\/stand\/epocale\/","title":{"rendered":"EPOCALE"},"content":{"rendered":"","protected":false},"excerpt":{"rendered":"<p>Company: EPOCALE<\/p>\n<p>Fair: MICAM 2022<\/p>\n<p>: M\u0130LANO<\/p>\n","protected":false},"featured_media":848,"template":"","meta":{"_yoast_wpseo_title":"","_yoast_wpseo_metadesc":"","_yoast_wpseo_focuskw":"","_rank_math_title":"","_rank_math_description":"","_rank_math_focus_keyword":"","rank_math_title":"%title% %sep% Akay Mimarl\u0131k Fair Stand","rank_math_description":"Ah\u015fap, mod\u00fcler ve \u00f6zel tasar\u0131m fuar stand\u0131 se\u00e7enekleriyle her fuara uygun \u00e7\u00f6z\u00fcmler sunuyoruz.","rank_math_focus_keyword":""},"product_brand":[],"product_cat":[43],"product_tag":[],"class_list":{"0":"post-910","1":"product","2":"type-product","3":"status-publish","4":"has-post-thumbnail","6":"product_cat-overseas-fair-stands","8":"first","9":"instock","10":"shipping-taxable","11":"product-type-simple"},"_links":{"self":[{"href":"https:\/\/www.akaymimarlik.com\/en\/wp-json\/wp\/v2\/product\/910","targetHints":{"allow":["GET"]}}],"collection":[{"href":"https:\/\/www.akaymimarlik.com\/en\/wp-json\/wp\/v2\/product"}],"about":[{"href":"https:\/\/www.akaymimarlik.com\/en\/wp-json\/wp\/v2\/types\/product"}],"wp:featuredmedia":[{"embeddable":true,"href":"https:\/\/www.akaymimarlik.com\/en\/wp-json\/wp\/v2\/media\/848"}],"wp:attachment":[{"href":"https:\/\/www.akaymimarlik.com\/en\/wp-json\/wp\/v2\/media?parent=910"}],"wp:term":[{"taxonomy":"product_brand","embeddable":true,"href":"https:\/\/www.akaymimarlik.com\/en\/wp-json\/wp\/v2\/product_brand?post=910"},{"taxonomy":"product_cat","embeddable":true,"href":"https:\/\/www.akaymimarlik.com\/en\/wp-json\/wp\/v2\/product_cat?post=910"},{"taxonomy":"product_tag","embeddable":true,"href":"https:\/\/www.akaymimarlik.com\/en\/wp-json\/wp\/v2\/product_tag?post=910"}],"curies":[{"name":"wp","href":"https:\/\/api.w.org\/{rel}","templated":true}]}}