{"id":914,"date":"2024-10-08T10:55:10","date_gmt":"2024-10-08T10:55:10","guid":{"rendered":"https:\/\/www.akaymimarlik.com\/urun\/kivanc-enerji\/"},"modified":"2026-03-03T15:02:54","modified_gmt":"2026-03-03T15:02:54","slug":"kivanc-enerji","status":"publish","type":"product","link":"https:\/\/www.akaymimarlik.com\/en\/stand\/kivanc-enerji\/","title":{"rendered":"KIVAN\u00c7 ENERJ\u0130"},"content":{"rendered":"","protected":false},"excerpt":{"rendered":"<p>Company: KIVAN\u00c7 ENERJ\u0130<\/p>\n<p>Fair: INTERSOLAR 2024<\/p>\n<p>Location: M\u00dcN\u0130H<\/p>\n","protected":false},"featured_media":843,"template":"","meta":{"_yoast_wpseo_title":"","_yoast_wpseo_metadesc":"","_yoast_wpseo_focuskw":"","_rank_math_title":"","_rank_math_description":"","_rank_math_focus_keyword":"","rank_math_title":"%title% %sep% Akay Mimarl\u0131k - Exhibition Stand","rank_math_description":"Yarat\u0131c\u0131 ve \u00f6zelle\u015ftirilebilir fuar stand\u0131 tasar\u0131mlar\u0131 sayesinde markan\u0131z fuarda fark yarat\u0131r.","rank_math_focus_keyword":""},"product_brand":[],"product_cat":[43],"product_tag":[],"class_list":{"0":"post-914","1":"product","2":"type-product","3":"status-publish","4":"has-post-thumbnail","6":"product_cat-overseas-fair-stands","8":"first","9":"instock","10":"shipping-taxable","11":"product-type-simple"},"_links":{"self":[{"href":"https:\/\/www.akaymimarlik.com\/en\/wp-json\/wp\/v2\/product\/914","targetHints":{"allow":["GET"]}}],"collection":[{"href":"https:\/\/www.akaymimarlik.com\/en\/wp-json\/wp\/v2\/product"}],"about":[{"href":"https:\/\/www.akaymimarlik.com\/en\/wp-json\/wp\/v2\/types\/product"}],"wp:featuredmedia":[{"embeddable":true,"href":"https:\/\/www.akaymimarlik.com\/en\/wp-json\/wp\/v2\/media\/843"}],"wp:attachment":[{"href":"https:\/\/www.akaymimarlik.com\/en\/wp-json\/wp\/v2\/media?parent=914"}],"wp:term":[{"taxonomy":"product_brand","embeddable":true,"href":"https:\/\/www.akaymimarlik.com\/en\/wp-json\/wp\/v2\/product_brand?post=914"},{"taxonomy":"product_cat","embeddable":true,"href":"https:\/\/www.akaymimarlik.com\/en\/wp-json\/wp\/v2\/product_cat?post=914"},{"taxonomy":"product_tag","embeddable":true,"href":"https:\/\/www.akaymimarlik.com\/en\/wp-json\/wp\/v2\/product_tag?post=914"}],"curies":[{"name":"wp","href":"https:\/\/api.w.org\/{rel}","templated":true}]}}