{"id":927,"date":"2024-10-08T09:55:42","date_gmt":"2024-10-08T09:55:42","guid":{"rendered":"https:\/\/www.akaymimarlik.com\/urun\/besan-nisasta\/"},"modified":"2026-04-07T14:26:08","modified_gmt":"2026-04-07T14:26:08","slug":"besan-nisasta","status":"publish","type":"product","link":"https:\/\/www.akaymimarlik.com\/en\/stand\/besan-nisasta\/","title":{"rendered":"BE\u015eAN N\u0130\u015eASTA"},"content":{"rendered":"","protected":false},"excerpt":{"rendered":"<p>Company: BE\u015eAN N\u0130\u015eASTA<\/p>\n<p>Fair: F\u0130 EUROPE 2023<\/p>\n<p>Location: FRANKFURT<\/p>\n","protected":false},"featured_media":831,"template":"","meta":{"_yoast_wpseo_title":"","_yoast_wpseo_metadesc":"","_yoast_wpseo_focuskw":"","_rank_math_title":"","_rank_math_description":"","_rank_math_focus_keyword":"","rank_math_title":"%title% %sep% Akay Mimarl\u0131k - Exhibition Stand","rank_math_description":"","rank_math_focus_keyword":""},"product_brand":[],"product_cat":[43],"product_tag":[],"class_list":{"0":"post-927","1":"product","2":"type-product","3":"status-publish","4":"has-post-thumbnail","6":"product_cat-overseas-fair-stands","8":"first","9":"instock","10":"shipping-taxable","11":"product-type-simple"},"_links":{"self":[{"href":"https:\/\/www.akaymimarlik.com\/en\/wp-json\/wp\/v2\/product\/927","targetHints":{"allow":["GET"]}}],"collection":[{"href":"https:\/\/www.akaymimarlik.com\/en\/wp-json\/wp\/v2\/product"}],"about":[{"href":"https:\/\/www.akaymimarlik.com\/en\/wp-json\/wp\/v2\/types\/product"}],"wp:featuredmedia":[{"embeddable":true,"href":"https:\/\/www.akaymimarlik.com\/en\/wp-json\/wp\/v2\/media\/831"}],"wp:attachment":[{"href":"https:\/\/www.akaymimarlik.com\/en\/wp-json\/wp\/v2\/media?parent=927"}],"wp:term":[{"taxonomy":"product_brand","embeddable":true,"href":"https:\/\/www.akaymimarlik.com\/en\/wp-json\/wp\/v2\/product_brand?post=927"},{"taxonomy":"product_cat","embeddable":true,"href":"https:\/\/www.akaymimarlik.com\/en\/wp-json\/wp\/v2\/product_cat?post=927"},{"taxonomy":"product_tag","embeddable":true,"href":"https:\/\/www.akaymimarlik.com\/en\/wp-json\/wp\/v2\/product_tag?post=927"}],"curies":[{"name":"wp","href":"https:\/\/api.w.org\/{rel}","templated":true}]}}