{"id":947,"date":"2024-10-07T11:29:31","date_gmt":"2024-10-07T11:29:31","guid":{"rendered":"https:\/\/www.akaymimarlik.com\/urun\/ekinler-endustri-2\/"},"modified":"2024-10-21T10:00:22","modified_gmt":"2024-10-21T10:00:22","slug":"ekinler-endustri-2","status":"publish","type":"product","link":"https:\/\/www.akaymimarlik.com\/en\/stand\/ekinler-endustri-2\/","title":{"rendered":"EK\u0130NLER END\u00dcSTR\u0130"},"content":{"rendered":"","protected":false},"excerpt":{"rendered":"<p>Company: EK\u0130NLER END\u00dcSTR\u0130<\/p>\n<p>Fair: INTERSOLAR 2023<\/p>\n<p>Location: M\u00dcN\u0130H<\/p>\n","protected":false},"featured_media":814,"template":"","meta":{"_yoast_wpseo_title":"","_yoast_wpseo_metadesc":"","_yoast_wpseo_focuskw":"","_rank_math_title":"","_rank_math_description":"","_rank_math_focus_keyword":"","rank_math_title":"","rank_math_description":"","rank_math_focus_keyword":""},"product_brand":[],"product_cat":[43],"product_tag":[],"class_list":{"0":"post-947","1":"product","2":"type-product","3":"status-publish","4":"has-post-thumbnail","6":"product_cat-overseas-fair-stands","8":"first","9":"instock","10":"shipping-taxable","11":"product-type-simple"},"_links":{"self":[{"href":"https:\/\/www.akaymimarlik.com\/en\/wp-json\/wp\/v2\/product\/947","targetHints":{"allow":["GET"]}}],"collection":[{"href":"https:\/\/www.akaymimarlik.com\/en\/wp-json\/wp\/v2\/product"}],"about":[{"href":"https:\/\/www.akaymimarlik.com\/en\/wp-json\/wp\/v2\/types\/product"}],"wp:featuredmedia":[{"embeddable":true,"href":"https:\/\/www.akaymimarlik.com\/en\/wp-json\/wp\/v2\/media\/814"}],"wp:attachment":[{"href":"https:\/\/www.akaymimarlik.com\/en\/wp-json\/wp\/v2\/media?parent=947"}],"wp:term":[{"taxonomy":"product_brand","embeddable":true,"href":"https:\/\/www.akaymimarlik.com\/en\/wp-json\/wp\/v2\/product_brand?post=947"},{"taxonomy":"product_cat","embeddable":true,"href":"https:\/\/www.akaymimarlik.com\/en\/wp-json\/wp\/v2\/product_cat?post=947"},{"taxonomy":"product_tag","embeddable":true,"href":"https:\/\/www.akaymimarlik.com\/en\/wp-json\/wp\/v2\/product_tag?post=947"}],"curies":[{"name":"wp","href":"https:\/\/api.w.org\/{rel}","templated":true}]}}