{"id":963,"date":"2024-10-07T09:46:17","date_gmt":"2024-10-07T09:46:17","guid":{"rendered":"https:\/\/www.akaymimarlik.com\/urun\/keskin-color-3\/"},"modified":"2026-03-03T15:02:02","modified_gmt":"2026-03-03T15:02:02","slug":"keskin-color-3","status":"publish","type":"product","link":"https:\/\/www.akaymimarlik.com\/en\/stand\/keskin-color-3\/","title":{"rendered":"KESK\u0130N COLOR"},"content":{"rendered":"","protected":false},"excerpt":{"rendered":"<p>Company: KESK\u0130N COLOR<\/p>\n<p>Fair: INSIGHTS-X 2022<\/p>\n<p>Location: NURNBERG<\/p>\n","protected":false},"featured_media":802,"template":"","meta":{"_yoast_wpseo_title":"","_yoast_wpseo_metadesc":"","_yoast_wpseo_focuskw":"","_rank_math_title":"","_rank_math_description":"","_rank_math_focus_keyword":"","rank_math_title":"%title% %sep% Akay Mimarl\u0131k - Exhibition Stand","rank_math_description":"Fuar stand\u0131 \u00e7\u00f6z\u00fcmleriyle ziyaret\u00e7ilerin ilgisini \u00e7ekin, \u00fcr\u00fcnlerinizi ve hizmetlerinizi etkili \u015fekilde sergileyin.","rank_math_focus_keyword":""},"product_brand":[],"product_cat":[43],"product_tag":[],"class_list":{"0":"post-963","1":"product","2":"type-product","3":"status-publish","4":"has-post-thumbnail","6":"product_cat-overseas-fair-stands","8":"first","9":"instock","10":"shipping-taxable","11":"product-type-simple"},"_links":{"self":[{"href":"https:\/\/www.akaymimarlik.com\/en\/wp-json\/wp\/v2\/product\/963","targetHints":{"allow":["GET"]}}],"collection":[{"href":"https:\/\/www.akaymimarlik.com\/en\/wp-json\/wp\/v2\/product"}],"about":[{"href":"https:\/\/www.akaymimarlik.com\/en\/wp-json\/wp\/v2\/types\/product"}],"wp:featuredmedia":[{"embeddable":true,"href":"https:\/\/www.akaymimarlik.com\/en\/wp-json\/wp\/v2\/media\/802"}],"wp:attachment":[{"href":"https:\/\/www.akaymimarlik.com\/en\/wp-json\/wp\/v2\/media?parent=963"}],"wp:term":[{"taxonomy":"product_brand","embeddable":true,"href":"https:\/\/www.akaymimarlik.com\/en\/wp-json\/wp\/v2\/product_brand?post=963"},{"taxonomy":"product_cat","embeddable":true,"href":"https:\/\/www.akaymimarlik.com\/en\/wp-json\/wp\/v2\/product_cat?post=963"},{"taxonomy":"product_tag","embeddable":true,"href":"https:\/\/www.akaymimarlik.com\/en\/wp-json\/wp\/v2\/product_tag?post=963"}],"curies":[{"name":"wp","href":"https:\/\/api.w.org\/{rel}","templated":true}]}}