{"id":967,"date":"2024-10-07T09:33:26","date_gmt":"2024-10-07T09:33:26","guid":{"rendered":"https:\/\/www.akaymimarlik.com\/urun\/gloria\/"},"modified":"2026-03-03T15:00:33","modified_gmt":"2026-03-03T15:00:33","slug":"gloria","status":"publish","type":"product","link":"https:\/\/www.akaymimarlik.com\/en\/stand\/gloria\/","title":{"rendered":"GLORIA"},"content":{"rendered":"","protected":false},"excerpt":{"rendered":"<p>Company: GLORIA<\/p>\n<p>Fair: MICAM 2022<\/p>\n<p>Location: M\u0130LANO<\/p>\n","protected":false},"featured_media":798,"template":"","meta":{"_yoast_wpseo_title":"","_yoast_wpseo_metadesc":"","_yoast_wpseo_focuskw":"","_rank_math_title":"","_rank_math_description":"","_rank_math_focus_keyword":"","rank_math_title":"%title% %sep% Akay Mimarl\u0131k Exhibition Stand","rank_math_description":"Profesyonel fuar stand\u0131 hizmetleri ile markan\u0131z\u0131 en iyi \u015fekilde tan\u0131t\u0131n. Tasar\u0131m ve kurulumda uzman destek.","rank_math_focus_keyword":""},"product_brand":[],"product_cat":[43],"product_tag":[],"class_list":{"0":"post-967","1":"product","2":"type-product","3":"status-publish","4":"has-post-thumbnail","6":"product_cat-overseas-fair-stands","8":"first","9":"instock","10":"shipping-taxable","11":"product-type-simple"},"_links":{"self":[{"href":"https:\/\/www.akaymimarlik.com\/en\/wp-json\/wp\/v2\/product\/967","targetHints":{"allow":["GET"]}}],"collection":[{"href":"https:\/\/www.akaymimarlik.com\/en\/wp-json\/wp\/v2\/product"}],"about":[{"href":"https:\/\/www.akaymimarlik.com\/en\/wp-json\/wp\/v2\/types\/product"}],"wp:featuredmedia":[{"embeddable":true,"href":"https:\/\/www.akaymimarlik.com\/en\/wp-json\/wp\/v2\/media\/798"}],"wp:attachment":[{"href":"https:\/\/www.akaymimarlik.com\/en\/wp-json\/wp\/v2\/media?parent=967"}],"wp:term":[{"taxonomy":"product_brand","embeddable":true,"href":"https:\/\/www.akaymimarlik.com\/en\/wp-json\/wp\/v2\/product_brand?post=967"},{"taxonomy":"product_cat","embeddable":true,"href":"https:\/\/www.akaymimarlik.com\/en\/wp-json\/wp\/v2\/product_cat?post=967"},{"taxonomy":"product_tag","embeddable":true,"href":"https:\/\/www.akaymimarlik.com\/en\/wp-json\/wp\/v2\/product_tag?post=967"}],"curies":[{"name":"wp","href":"https:\/\/api.w.org\/{rel}","templated":true}]}}